{"id":452,"date":"2022-03-23T11:21:11","date_gmt":"2022-03-23T11:21:11","guid":{"rendered":"https:\/\/startersites.io\/stagingseven\/?page_id=452"},"modified":"2026-04-02T21:27:43","modified_gmt":"2026-04-02T19:27:43","slug":"home","status":"publish","type":"page","link":"https:\/\/www.jirikudla.cz\/","title":{"rendered":"\u00davod"},"content":{"rendered":"\n<div class=\"wp-block-cover alignfull\"><img loading=\"lazy\" decoding=\"async\" width=\"1024\" height=\"768\" class=\"wp-block-cover__image-background wp-image-576\" alt=\"\" src=\"https:\/\/www.jirikudla.cz\/wp-content\/uploads\/2026\/04\/1000002020-1024x768.jpg\" data-object-fit=\"cover\" srcset=\"https:\/\/www.jirikudla.cz\/wp-content\/uploads\/2026\/04\/1000002020-1024x768.jpg 1024w, https:\/\/www.jirikudla.cz\/wp-content\/uploads\/2026\/04\/1000002020-300x225.jpg 300w, https:\/\/www.jirikudla.cz\/wp-content\/uploads\/2026\/04\/1000002020-768x576.jpg 768w, https:\/\/www.jirikudla.cz\/wp-content\/uploads\/2026\/04\/1000002020-1536x1152.jpg 1536w, https:\/\/www.jirikudla.cz\/wp-content\/uploads\/2026\/04\/1000002020-2048x1536.jpg 2048w, https:\/\/www.jirikudla.cz\/wp-content\/uploads\/2026\/04\/1000002020-600x450.jpg 600w\" sizes=\"auto, (max-width: 1024px) 100vw, 1024px\" \/><span aria-hidden=\"true\" class=\"wp-block-cover__background has-background-dim\"><\/span><div class=\"wp-block-cover__inner-container is-layout-flow wp-block-cover-is-layout-flow\">\n<h2 class=\"wp-block-heading has-text-align-center\"><span style=\"color: #e9c189;\" class=\"stk-highlight\">Ji\u0159\u00ed Kudla &#8211; Original Handmade<\/span><\/h2>\n<\/div><\/div>\n\n\n\n<div class=\"wp-block-stackable-spacer stk-block-spacer stk--no-padding stk-block stk-746b086\" data-block-id=\"746b086\"><style>.stk-746b086 {height:120px !important;}@media screen and (max-width:999px){.stk-746b086 {height:80px !important;}}<\/style><\/div>\n\n\n\n<div class=\"wp-block-stackable-heading stk-block-heading stk-block-heading--v2 stk-block stk-6437c60 ct-advanced-heading\" title=\"%title%\" id=\"kozene-opasky\" data-block-id=\"6437c60\"><style>.stk-6437c60 {margin-bottom:0px !important;}.stk-6437c60 .stk-block-heading__text{font-size:40px !important;line-height:1.5em !important;font-weight:800 !important;}@media screen and (max-width:999px){.stk-6437c60 .stk-block-heading__text{font-size:40px !important;}}@media screen and (max-width:689px){.stk-6437c60 .stk-block-heading__text{font-size:28px !important;}}<\/style><h2 class=\"stk-block-heading__text has-text-align-center has-text-align-center-mobile\">Ko\u017een\u00e9 opasky<\/h2><\/div>\n\n\n\n<div class=\"wp-block-stackable-carousel stk-block-carousel stk--is-slide stk--arrows-justify-space-between stk--arrows-align-center stk-block stk-91a491b\" data-slides-to-show=\"\" data-block-id=\"91a491b\"><style>.stk-91a491b {margin-bottom:23px !important;}<\/style><div class=\"stk-block-carousel__content-wrapper\"><div class=\"stk-row stk-inner-blocks stk-block-content stk-block-carousel__slider-wrapper stk-content-align stk-91a491b-column\"><div class=\"stk-block-carousel__slider\" role=\"list\" data-autoplay=\"4000\" data-label-slide-of=\"Slide %%d of %%d\" tabindex=\"0\">\n<div class=\"wp-block-stackable-column stk-block-column stk-column stk-block stk-27374cd\" data-v=\"4\" data-block-id=\"27374cd\"><div class=\"stk-column-wrapper stk-block-column__content stk-container stk-27374cd-container stk--no-background stk--no-padding\"><div class=\"stk-block-content stk-inner-blocks stk-27374cd-inner-blocks\">\n<figure class=\"wp-block-image size-large\"><img loading=\"lazy\" decoding=\"async\" width=\"1024\" height=\"768\" src=\"http:\/\/www.jirikudla.cz\/wp-content\/uploads\/2026\/04\/IMG-20240428-WA0008-scaled-edited-1024x768.jpg\" alt=\"\" class=\"wp-image-604\" srcset=\"https:\/\/www.jirikudla.cz\/wp-content\/uploads\/2026\/04\/IMG-20240428-WA0008-scaled-edited-1024x768.jpg 1024w, https:\/\/www.jirikudla.cz\/wp-content\/uploads\/2026\/04\/IMG-20240428-WA0008-scaled-edited-300x225.jpg 300w, https:\/\/www.jirikudla.cz\/wp-content\/uploads\/2026\/04\/IMG-20240428-WA0008-scaled-edited-768x576.jpg 768w, https:\/\/www.jirikudla.cz\/wp-content\/uploads\/2026\/04\/IMG-20240428-WA0008-scaled-edited-1536x1152.jpg 1536w, https:\/\/www.jirikudla.cz\/wp-content\/uploads\/2026\/04\/IMG-20240428-WA0008-scaled-edited-600x450.jpg 600w, https:\/\/www.jirikudla.cz\/wp-content\/uploads\/2026\/04\/IMG-20240428-WA0008-scaled-edited.jpg 1692w\" sizes=\"auto, (max-width: 1024px) 100vw, 1024px\" \/><\/figure>\n<\/div><\/div><\/div>\n\n\n\n<div class=\"wp-block-stackable-column stk-block-column stk-column stk-block stk-c0584c1\" data-v=\"4\" data-block-id=\"c0584c1\"><div class=\"stk-column-wrapper stk-block-column__content stk-container stk-c0584c1-container stk--no-background stk--no-padding\"><div class=\"stk-block-content stk-inner-blocks stk-c0584c1-inner-blocks\">\n<figure class=\"wp-block-image size-large\"><img loading=\"lazy\" decoding=\"async\" width=\"1024\" height=\"768\" src=\"http:\/\/www.jirikudla.cz\/wp-content\/uploads\/2026\/04\/IMG-20240428-WA0005-scaled-edited-1024x768.jpg\" alt=\"\" class=\"wp-image-603\" srcset=\"https:\/\/www.jirikudla.cz\/wp-content\/uploads\/2026\/04\/IMG-20240428-WA0005-scaled-edited-1024x768.jpg 1024w, https:\/\/www.jirikudla.cz\/wp-content\/uploads\/2026\/04\/IMG-20240428-WA0005-scaled-edited-300x225.jpg 300w, https:\/\/www.jirikudla.cz\/wp-content\/uploads\/2026\/04\/IMG-20240428-WA0005-scaled-edited-768x576.jpg 768w, https:\/\/www.jirikudla.cz\/wp-content\/uploads\/2026\/04\/IMG-20240428-WA0005-scaled-edited-1536x1152.jpg 1536w, https:\/\/www.jirikudla.cz\/wp-content\/uploads\/2026\/04\/IMG-20240428-WA0005-scaled-edited-600x450.jpg 600w, https:\/\/www.jirikudla.cz\/wp-content\/uploads\/2026\/04\/IMG-20240428-WA0005-scaled-edited.jpg 1709w\" sizes=\"auto, (max-width: 1024px) 100vw, 1024px\" \/><\/figure>\n<\/div><\/div><\/div>\n\n\n\n<div class=\"wp-block-stackable-column stk-block-column stk-column stk-block stk-bce0667\" data-v=\"4\" data-block-id=\"bce0667\"><div class=\"stk-column-wrapper stk-block-column__content stk-container stk-bce0667-container stk--no-background stk--no-padding\"><div class=\"stk-block-content stk-inner-blocks stk-bce0667-inner-blocks\">\n<figure class=\"wp-block-image size-large\"><img loading=\"lazy\" decoding=\"async\" width=\"1024\" height=\"809\" src=\"http:\/\/www.jirikudla.cz\/wp-content\/uploads\/2026\/04\/IMG-20240316-WA0018-e1775148030667-1024x809.jpg\" alt=\"\" class=\"wp-image-9\" srcset=\"https:\/\/www.jirikudla.cz\/wp-content\/uploads\/2026\/04\/IMG-20240316-WA0018-e1775148030667-1024x809.jpg 1024w, https:\/\/www.jirikudla.cz\/wp-content\/uploads\/2026\/04\/IMG-20240316-WA0018-e1775148030667-600x474.jpg 600w, https:\/\/www.jirikudla.cz\/wp-content\/uploads\/2026\/04\/IMG-20240316-WA0018-e1775148030667-300x237.jpg 300w, https:\/\/www.jirikudla.cz\/wp-content\/uploads\/2026\/04\/IMG-20240316-WA0018-e1775148030667-768x607.jpg 768w, https:\/\/www.jirikudla.cz\/wp-content\/uploads\/2026\/04\/IMG-20240316-WA0018-e1775148030667.jpg 1198w\" sizes=\"auto, (max-width: 1024px) 100vw, 1024px\" \/><\/figure>\n<\/div><\/div><\/div>\n<\/div><div class=\"stk-block-carousel__buttons\"><button class=\"stk-block-carousel__button stk-block-carousel__button__prev\" aria-label=\"Previous slide\"><svg aria-hidden=\"true\" focusable=\"false\" data-prefix=\"fas\" data-icon=\"chevron-left\" class=\"svg-inline--fa fa-chevron-left\" xmlns=\"http:\/\/www.w3.org\/2000\/svg\" viewBox=\"0 0 320 512\" width=\"32\" height=\"32\"><path d=\"M34.52 239.03L228.87 44.69c9.37-9.37 24.57-9.37 33.94 0l22.67 22.67c9.36 9.36 9.37 24.52.04 33.9L131.49 256l154.02 154.75c9.34 9.38 9.32 24.54-.04 33.9l-22.67 22.67c-9.37 9.37-24.57 9.37-33.94 0L34.52 272.97c-9.37-9.37-9.37-24.57 0-33.94z\"><\/path><\/svg><\/button><button class=\"stk-block-carousel__button stk-block-carousel__button__next\" aria-label=\"Next slide\"><svg aria-hidden=\"true\" focusable=\"false\" data-prefix=\"fas\" data-icon=\"chevron-right\" class=\"svg-inline--fa fa-chevron-right\" xmlns=\"http:\/\/www.w3.org\/2000\/svg\" viewBox=\"0 0 320 512\" width=\"32\" height=\"32\"><path d=\"M285.476 272.971L91.132 467.314c-9.373 9.373-24.569 9.373-33.941 0l-22.667-22.667c-9.357-9.357-9.375-24.522-.04-33.901L188.505 256 34.484 101.255c-9.335-9.379-9.317-24.544.04-33.901l22.667-22.667c9.373-9.373 24.569-9.373 33.941 0L285.475 239.03c9.373 9.372 9.373 24.568.001 33.941z\"><\/path><\/svg><\/button><\/div><\/div><div class=\"stk-block-carousel__dots\" role=\"list\" data-label=\"Slide %%d\"><\/div><\/div><\/div>\n\n\n\n<p><\/p>\n\n\n\n<div class=\"wp-block-stackable-heading stk-block-heading stk-block-heading--v2 stk-block stk-d598e75 ct-advanced-heading\" title=\"%title%\" id=\"misky-na-deskove-hry\" data-block-id=\"d598e75\"><style>.stk-d598e75 {margin-bottom:0px !important;}.stk-d598e75 .stk-block-heading__text{font-size:40px !important;line-height:1.5em !important;font-weight:800 !important;}@media screen and (max-width:999px){.stk-d598e75 .stk-block-heading__text{font-size:40px !important;}}@media screen and (max-width:689px){.stk-d598e75 .stk-block-heading__text{font-size:28px !important;}}<\/style><h2 class=\"stk-block-heading__text has-text-align-center has-text-align-center-mobile\">Misky na deskov\u00e9 hry<\/h2><\/div>\n\n\n\n<p><\/p>\n\n\n\n<p><\/p>\n\n\n\n<div class=\"wp-block-stackable-carousel stk-block-carousel stk--is-slide stk--arrows-justify-space-between stk--arrows-align-center stk-block stk-f2473bd\" data-slides-to-show=\"\" data-block-id=\"f2473bd\"><div class=\"stk-block-carousel__content-wrapper\"><div class=\"stk-row stk-inner-blocks stk-block-content stk-block-carousel__slider-wrapper stk-content-align stk-f2473bd-column\"><div class=\"stk-block-carousel__slider\" role=\"list\" data-autoplay=\"4000\" data-label-slide-of=\"Slide %%d of %%d\" tabindex=\"0\">\n<div class=\"wp-block-stackable-column stk-block-column stk-column stk-block stk-4de5091\" data-v=\"4\" data-block-id=\"4de5091\"><div class=\"stk-column-wrapper stk-block-column__content stk-container stk-4de5091-container stk--no-background stk--no-padding\"><div class=\"stk-block-content stk-inner-blocks stk-4de5091-inner-blocks\">\n<figure class=\"wp-block-image size-large\"><img loading=\"lazy\" decoding=\"async\" width=\"1024\" height=\"768\" src=\"https:\/\/www.jirikudla.cz\/wp-content\/uploads\/2026\/04\/1000001987-1-1024x768.jpg\" alt=\"\" class=\"wp-image-623\" srcset=\"https:\/\/www.jirikudla.cz\/wp-content\/uploads\/2026\/04\/1000001987-1-1024x768.jpg 1024w, https:\/\/www.jirikudla.cz\/wp-content\/uploads\/2026\/04\/1000001987-1-300x225.jpg 300w, https:\/\/www.jirikudla.cz\/wp-content\/uploads\/2026\/04\/1000001987-1-768x576.jpg 768w, https:\/\/www.jirikudla.cz\/wp-content\/uploads\/2026\/04\/1000001987-1-1536x1152.jpg 1536w, https:\/\/www.jirikudla.cz\/wp-content\/uploads\/2026\/04\/1000001987-1-600x450.jpg 600w, https:\/\/www.jirikudla.cz\/wp-content\/uploads\/2026\/04\/1000001987-1.jpg 1600w\" sizes=\"auto, (max-width: 1024px) 100vw, 1024px\" \/><\/figure>\n<\/div><\/div><\/div>\n\n\n\n<div class=\"wp-block-stackable-column stk-block-column stk-column stk-block stk-f92074c\" data-v=\"4\" data-block-id=\"f92074c\"><div class=\"stk-column-wrapper stk-block-column__content stk-container stk-f92074c-container stk--no-background stk--no-padding\"><div class=\"stk-block-content stk-inner-blocks stk-f92074c-inner-blocks\">\n<figure class=\"wp-block-image size-large\"><img loading=\"lazy\" decoding=\"async\" width=\"1024\" height=\"768\" src=\"http:\/\/www.jirikudla.cz\/wp-content\/uploads\/2026\/04\/1000001989-1024x768.jpg\" alt=\"\" class=\"wp-image-613\" srcset=\"https:\/\/www.jirikudla.cz\/wp-content\/uploads\/2026\/04\/1000001989-1024x768.jpg 1024w, https:\/\/www.jirikudla.cz\/wp-content\/uploads\/2026\/04\/1000001989-300x225.jpg 300w, https:\/\/www.jirikudla.cz\/wp-content\/uploads\/2026\/04\/1000001989-768x576.jpg 768w, https:\/\/www.jirikudla.cz\/wp-content\/uploads\/2026\/04\/1000001989-1536x1152.jpg 1536w, https:\/\/www.jirikudla.cz\/wp-content\/uploads\/2026\/04\/1000001989-600x450.jpg 600w, https:\/\/www.jirikudla.cz\/wp-content\/uploads\/2026\/04\/1000001989.jpg 1600w\" sizes=\"auto, (max-width: 1024px) 100vw, 1024px\" \/><\/figure>\n<\/div><\/div><\/div>\n\n\n\n<div class=\"wp-block-stackable-column stk-block-column stk-column stk-block stk-3c3dfb9\" data-v=\"4\" data-block-id=\"3c3dfb9\"><div class=\"stk-column-wrapper stk-block-column__content stk-container stk-3c3dfb9-container stk--no-background stk--no-padding\"><div class=\"stk-block-content stk-inner-blocks stk-3c3dfb9-inner-blocks\">\n<figure class=\"wp-block-image size-large\"><img loading=\"lazy\" decoding=\"async\" width=\"1024\" height=\"768\" src=\"https:\/\/www.jirikudla.cz\/wp-content\/uploads\/2026\/04\/1000001998-1024x768.jpg\" alt=\"\" class=\"wp-image-627\" srcset=\"https:\/\/www.jirikudla.cz\/wp-content\/uploads\/2026\/04\/1000001998-1024x768.jpg 1024w, https:\/\/www.jirikudla.cz\/wp-content\/uploads\/2026\/04\/1000001998-300x225.jpg 300w, https:\/\/www.jirikudla.cz\/wp-content\/uploads\/2026\/04\/1000001998-768x576.jpg 768w, https:\/\/www.jirikudla.cz\/wp-content\/uploads\/2026\/04\/1000001998-1536x1152.jpg 1536w, https:\/\/www.jirikudla.cz\/wp-content\/uploads\/2026\/04\/1000001998-600x450.jpg 600w, https:\/\/www.jirikudla.cz\/wp-content\/uploads\/2026\/04\/1000001998.jpg 1600w\" sizes=\"auto, (max-width: 1024px) 100vw, 1024px\" \/><\/figure>\n<\/div><\/div><\/div>\n<\/div><div class=\"stk-block-carousel__buttons\"><button class=\"stk-block-carousel__button stk-block-carousel__button__prev\" aria-label=\"Previous slide\"><svg aria-hidden=\"true\" focusable=\"false\" data-prefix=\"fas\" data-icon=\"chevron-left\" class=\"svg-inline--fa fa-chevron-left\" xmlns=\"http:\/\/www.w3.org\/2000\/svg\" viewBox=\"0 0 320 512\" width=\"32\" height=\"32\"><path d=\"M34.52 239.03L228.87 44.69c9.37-9.37 24.57-9.37 33.94 0l22.67 22.67c9.36 9.36 9.37 24.52.04 33.9L131.49 256l154.02 154.75c9.34 9.38 9.32 24.54-.04 33.9l-22.67 22.67c-9.37 9.37-24.57 9.37-33.94 0L34.52 272.97c-9.37-9.37-9.37-24.57 0-33.94z\"><\/path><\/svg><\/button><button class=\"stk-block-carousel__button stk-block-carousel__button__next\" aria-label=\"Next slide\"><svg aria-hidden=\"true\" focusable=\"false\" data-prefix=\"fas\" data-icon=\"chevron-right\" class=\"svg-inline--fa fa-chevron-right\" xmlns=\"http:\/\/www.w3.org\/2000\/svg\" viewBox=\"0 0 320 512\" width=\"32\" height=\"32\"><path d=\"M285.476 272.971L91.132 467.314c-9.373 9.373-24.569 9.373-33.941 0l-22.667-22.667c-9.357-9.357-9.375-24.522-.04-33.901L188.505 256 34.484 101.255c-9.335-9.379-9.317-24.544.04-33.901l22.667-22.667c9.373-9.373 24.569-9.373 33.941 0L285.475 239.03c9.373 9.372 9.373 24.568.001 33.941z\"><\/path><\/svg><\/button><\/div><\/div><div class=\"stk-block-carousel__dots\" role=\"list\" data-label=\"Slide %%d\"><\/div><\/div><\/div>\n","protected":false},"excerpt":{"rendered":"<p>Ko\u017een\u00e9 opasky Misky na deskov\u00e9 hry<\/p>\n","protected":false},"author":1,"featured_media":0,"parent":0,"menu_order":0,"comment_status":"closed","ping_status":"closed","template":"","meta":{"footnotes":""},"class_list":["post-452","page","type-page","status-publish","hentry"],"blocksy_meta":{"page_title_panel":"","has_hero_section":"disabled","f8be7323f56aba73b411685393ff1f7e":"","hero_section":"type-1","hero_elements":[{"id":"custom_title","enabled":true,"heading_tag":"h1","title":"Home"},{"id":"custom_description","enabled":true,"description_visibility":{"desktop":true,"tablet":true,"mobile":false}},{"id":"custom_meta","enabled":false,"meta_elements":[{"id":"author","enabled":true,"label":"By","has_author_avatar":"yes","avatar_size":25},{"id":"post_date","enabled":true,"label":"On","date_format_source":"default","date_format":"M j, Y"},{"id":"updated_date","enabled":false,"label":"On","date_format_source":"default","date_format":"M j, Y"},{"id":"categories","enabled":false,"label":"In","style":"simple"},{"id":"comments","enabled":true}],"page_meta_elements":{"joined":true,"articles_count":true,"comments":true}},{"id":"breadcrumbs","enabled":false}],"8fa98bfc447a7e82587fe4e981c9e347":"","hero_alignment1":"CT_CSS_SKIP_RULE","hero_margin":40,"hero_alignment2":"center","hero_vertical_alignment":"center","c0512e44f1d2f6f60514c93236f56105":"","hero_structure":"narrow","b21550d0ee5b11359611dc5a96e2638f":"","page_title_bg_type":"featured_image","custom_hero_background":{"attachment_id":null},"parallax":{"desktop":false,"tablet":false,"mobile":false},"1af920b6849c07acf3ee6aeb42fe338e":"","hero_height":"250px","pageTitleFont":{"family":"Default","variation":"Default","size":"30px","line-height":"CT_CSS_SKIP_RULE","letter-spacing":"CT_CSS_SKIP_RULE","text-transform":"CT_CSS_SKIP_RULE","text-decoration":"CT_CSS_SKIP_RULE"},"pageTitleFontColor":{"default":{"color":"CT_CSS_SKIP_RULEDEFAULT"}},"pageMetaFont":{"family":"Default","variation":"n6","size":"12px","line-height":"1.3","letter-spacing":"CT_CSS_SKIP_RULE","text-transform":"uppercase","text-decoration":"CT_CSS_SKIP_RULE"},"pageMetaFontColor":{"default":{"color":"CT_CSS_SKIP_RULEDEFAULT"},"hover":{"color":"CT_CSS_SKIP_RULEDEFAULT"}},"page_meta_button_type_font_colors":{"default":{"color":"CT_CSS_SKIP_RULEDEFAULT"},"hover":{"color":"CT_CSS_SKIP_RULEDEFAULT"}},"page_meta_button_type_background_colors":{"default":{"color":"CT_CSS_SKIP_RULEDEFAULT"},"hover":{"color":"CT_CSS_SKIP_RULEDEFAULT"}},"pageExcerptFont":{"family":"Default","variation":"Default","size":"CT_CSS_SKIP_RULE","line-height":"CT_CSS_SKIP_RULE","letter-spacing":"CT_CSS_SKIP_RULE","text-transform":"CT_CSS_SKIP_RULE","text-decoration":"CT_CSS_SKIP_RULE"},"pageExcerptColor":{"default":{"color":"CT_CSS_SKIP_RULEDEFAULT"}},"breadcrumbsFont":{"family":"Default","variation":"Default","size":"CT_CSS_SKIP_RULE","line-height":"CT_CSS_SKIP_RULE","letter-spacing":"CT_CSS_SKIP_RULE","text-transform":"CT_CSS_SKIP_RULE","text-decoration":"CT_CSS_SKIP_RULE"},"breadcrumbsFontColor":{"default":{"color":"CT_CSS_SKIP_RULEDEFAULT"},"initial":{"color":"CT_CSS_SKIP_RULEDEFAULT"},"hover":{"color":"CT_CSS_SKIP_RULEDEFAULT"}},"pageTitleOverlay":{"background_type":"color","background_pattern":"type-1","background_image":{"attachment_id":null,"x":0,"y":0},"gradient":"linear-gradient(135deg,rgba(6,147,227,1) 0%,rgb(155,81,224) 100%)","background_repeat":"repeat","background_size":"auto","background_attachment":"scroll","patternColor":{"default":{"color":"#e5e7ea"}},"overlayColor":{"default":{"color":"CT_CSS_SKIP_RULE"}},"backgroundColor":{"default":{"color":"CT_CSS_SKIP_RULE"}}},"pageTitleBackground":{"background_type":"color","background_pattern":"type-1","background_image":{"attachment_id":null,"x":0,"y":0},"gradient":"linear-gradient(135deg,rgba(6,147,227,1) 0%,rgb(155,81,224) 100%)","background_repeat":"repeat","background_size":"auto","background_attachment":"scroll","patternColor":{"default":{"color":"#e5e7ea"}},"overlayColor":{"default":{"color":"CT_CSS_SKIP_RULE"}},"backgroundColor":{"default":{"color":"var(--theme-palette-color-6)"}}},"pageTitlePadding":{"top":"50px","bottom":"50px","left":"auto","right":"auto","linked":true},"8cd0e9c9767d2050adff5e4ced7085f8":"","page_structure_type":"default","95ab8d84e5bcb6685645e8e036eaaf18":"","content_style_source":"inherit","content_style":"wide","vertical_spacing_source":"custom","content_area_spacing":"none","background":{"background_type":"color","background_pattern":"type-1","background_image":{"attachment_id":null,"x":0,"y":0},"gradient":"linear-gradient(135deg,rgba(6,147,227,1) 0%,rgb(155,81,224) 100%)","background_repeat":"repeat","background_size":"auto","background_attachment":"scroll","patternColor":{"default":{"color":"#e5e7ea"}},"overlayColor":{"default":{"color":"CT_CSS_SKIP_RULE"}},"backgroundColor":{"default":{"color":"CT_CSS_SKIP_RULE"}}},"content_background":{"background_type":"color","background_pattern":"type-1","background_image":{"attachment_id":null,"x":0,"y":0},"gradient":"linear-gradient(135deg,rgba(6,147,227,1) 0%,rgb(155,81,224) 100%)","background_repeat":"repeat","background_size":"auto","background_attachment":"scroll","patternColor":{"default":{"color":"#e5e7ea"}},"overlayColor":{"default":{"color":"CT_CSS_SKIP_RULE"}},"backgroundColor":{"default":{"color":"var(--theme-palette-color-8)"}}},"content_boxed_shadow":{"inherit":false,"blur":18,"spread":-6,"v_offset":12,"h_offset":0,"inset":false,"enable":true,"color":{"color":"rgba(34, 56, 101, 0.04)"}},"boxed_content_spacing":{"desktop":{"top":"40px","bottom":"40px","left":"40px","right":"40px","linked":true},"tablet":{"top":"35px","bottom":"35px","left":"35px","right":"35px","linked":true},"mobile":{"top":"20px","bottom":"20px","left":"20px","right":"20px","linked":true}},"content_boxed_radius":{"top":"3px","bottom":"3px","left":"3px","right":"3px","linked":true},"d2e78b319cfc7675a5fbca36ab2abe12":"","disable_featured_image":"no","disable_share_box":"no","disable_header":"no","disable_footer":"no","styles_descriptor":{"styles":{"desktop":"","tablet":"","mobile":""},"google_fonts":[],"version":6}},"_links":{"self":[{"href":"https:\/\/www.jirikudla.cz\/index.php\/wp-json\/wp\/v2\/pages\/452","targetHints":{"allow":["GET"]}}],"collection":[{"href":"https:\/\/www.jirikudla.cz\/index.php\/wp-json\/wp\/v2\/pages"}],"about":[{"href":"https:\/\/www.jirikudla.cz\/index.php\/wp-json\/wp\/v2\/types\/page"}],"author":[{"embeddable":true,"href":"https:\/\/www.jirikudla.cz\/index.php\/wp-json\/wp\/v2\/users\/1"}],"replies":[{"embeddable":true,"href":"https:\/\/www.jirikudla.cz\/index.php\/wp-json\/wp\/v2\/comments?post=452"}],"version-history":[{"count":23,"href":"https:\/\/www.jirikudla.cz\/index.php\/wp-json\/wp\/v2\/pages\/452\/revisions"}],"predecessor-version":[{"id":629,"href":"https:\/\/www.jirikudla.cz\/index.php\/wp-json\/wp\/v2\/pages\/452\/revisions\/629"}],"wp:attachment":[{"href":"https:\/\/www.jirikudla.cz\/index.php\/wp-json\/wp\/v2\/media?parent=452"}],"curies":[{"name":"wp","href":"https:\/\/api.w.org\/{rel}","templated":true}]}}